{"id":4904,"date":"2024-10-16T19:21:15","date_gmt":"2024-10-16T19:21:15","guid":{"rendered":"https:\/\/rainbowbiz.org.uk\/shop\/uncategorized\/crystal-hecs-pendants\/"},"modified":"2024-10-19T13:36:58","modified_gmt":"2024-10-19T13:36:58","slug":"crystal-hecs-pendants","status":"publish","type":"product","link":"https:\/\/www.rainbowbiz.org.uk\/cy\/shop\/grisialau\/crystal-hecs-pendants\/","title":{"rendered":"Crystal Hecs Pendants"},"content":{"rendered":"<p>Darganfyddwch b\u0175er iachau egn\u00efol gyda&#8217;n Pendants Crystal Hex cain. Mae gan bob tlws crog grisial unigryw, mae&#8217;r grisial wedi&#8217;i saern\u00efo&#8217;n ofalus i si\u00e2p hecsagonol wedi&#8217;i osod gyda chylch crog arian i&#8217;w wneud yn mwclis neu allweddellau. Gwella eich cysylltiad ysbrydol. Dyrchafwch eich egni a&#8217;ch steil gyda&#8217;r darnau cyfareddol hyn \u2013 rhaid i unrhyw un sy&#8217;n ceisio cydbwysedd a chytgord yn eu bywyd.   <\/p>\n","protected":false},"excerpt":{"rendered":"<p>Darganfyddwch b\u0175er iachau egn\u00efol gyda&#8217;n Pendants Crystal Hex cain. Mae gan bob tlws crog grisial unigryw, mae&#8217;r grisial wedi&#8217;i saern\u00efo&#8217;n ofalus i si\u00e2p hecsagonol wedi&#8217;i osod gyda chylch crog arian [&hellip;]<\/p>\n","protected":false},"featured_media":5203,"template":"","meta":{"_price":"2.99","_stock":"","_tribe_ticket_header":"","_tribe_default_ticket_provider":"","_tribe_ticket_capacity":"0","_ticket_start_date":"","_ticket_end_date":"","_tribe_ticket_show_description":"","_tribe_ticket_show_not_going":false,"_tribe_ticket_use_global_stock":"","_tribe_ticket_global_stock_level":"","_global_stock_mode":"","_global_stock_cap":"","_tribe_rsvp_for_event":"","_tribe_ticket_going_count":"","_tribe_ticket_not_going_count":"","_tribe_tickets_list":"[]","_tribe_ticket_has_attendee_info_fields":false},"product_brand":[],"product_cat":[465],"product_tag":[],"class_list":{"0":"post-4904","1":"product","2":"type-product","3":"status-publish","4":"has-post-thumbnail","6":"product_cat-grisialau","8":"first","9":"instock","10":"shipping-taxable","11":"purchasable","12":"product-type-variable"},"_links":{"self":[{"href":"https:\/\/www.rainbowbiz.org.uk\/cy\/wp-json\/wp\/v2\/product\/4904","targetHints":{"allow":["GET"]}}],"collection":[{"href":"https:\/\/www.rainbowbiz.org.uk\/cy\/wp-json\/wp\/v2\/product"}],"about":[{"href":"https:\/\/www.rainbowbiz.org.uk\/cy\/wp-json\/wp\/v2\/types\/product"}],"wp:featuredmedia":[{"embeddable":true,"href":"https:\/\/www.rainbowbiz.org.uk\/cy\/wp-json\/wp\/v2\/media\/5203"}],"wp:attachment":[{"href":"https:\/\/www.rainbowbiz.org.uk\/cy\/wp-json\/wp\/v2\/media?parent=4904"}],"wp:term":[{"taxonomy":"product_brand","embeddable":true,"href":"https:\/\/www.rainbowbiz.org.uk\/cy\/wp-json\/wp\/v2\/product_brand?post=4904"},{"taxonomy":"product_cat","embeddable":true,"href":"https:\/\/www.rainbowbiz.org.uk\/cy\/wp-json\/wp\/v2\/product_cat?post=4904"},{"taxonomy":"product_tag","embeddable":true,"href":"https:\/\/www.rainbowbiz.org.uk\/cy\/wp-json\/wp\/v2\/product_tag?post=4904"}],"curies":[{"name":"wp","href":"https:\/\/api.w.org\/{rel}","templated":true}]}}