{"id":4676,"date":"2024-10-16T19:23:09","date_gmt":"2024-10-16T19:23:09","guid":{"rendered":"https:\/\/rainbowbiz.org.uk\/shop\/uncategorized\/stydiau-clust-sgwar-arian-par-boxed\/"},"modified":"2024-11-01T11:48:42","modified_gmt":"2024-11-01T11:48:42","slug":"stydiau-clust-sgwar-arian-par-boxed","status":"publish","type":"product","link":"https:\/\/www.rainbowbiz.org.uk\/cy\/shop\/gemwaith-a-piercings\/stydiau-clust-sgwar-arian-par-boxed\/","title":{"rendered":"Stydiau clust Sgw\u00e2r Arian P\u00e2r Boxed"},"content":{"rendered":"<p>Darganfyddwch geinder wedi&#8217;i ailddiffinio gyda&#8217;n p\u00e2r bocsys o Silver Square Clust Studs. Wedi&#8217;u crefftio o ddeunyddiau o ansawdd uchel, mae&#8217;r stydiau hyn yn ymfalch\u00efo mewn arddull amlbwrpas sy&#8217;n trawsnewid yn ddiymdrech o ddydd i nos. Dyrchafwch eich golwg gyda&#8217;r ategolion soffistigedig hyn sy&#8217;n rhoi swyn bythol a chrefftwaith anhygoel.  <\/p>\n","protected":false},"excerpt":{"rendered":"<p>Darganfyddwch geinder wedi&#8217;i ailddiffinio gyda&#8217;n p\u00e2r bocsys o Silver Square Clust Studs. Wedi&#8217;u crefftio o ddeunyddiau o ansawdd uchel, mae&#8217;r stydiau hyn yn ymfalch\u00efo mewn arddull amlbwrpas sy&#8217;n trawsnewid yn [&hellip;]<\/p>\n","protected":false},"featured_media":5426,"template":"","meta":{"_price":"5.99","_stock":"","_tribe_ticket_header":"","_tribe_default_ticket_provider":"","_tribe_ticket_capacity":"0","_ticket_start_date":"","_ticket_end_date":"","_tribe_ticket_show_description":"","_tribe_ticket_show_not_going":false,"_tribe_ticket_use_global_stock":"","_tribe_ticket_global_stock_level":"","_global_stock_mode":"","_global_stock_cap":"","_tribe_rsvp_for_event":"","_tribe_ticket_going_count":"","_tribe_ticket_not_going_count":"","_tribe_tickets_list":"[]","_tribe_ticket_has_attendee_info_fields":false},"product_brand":[],"product_cat":[459],"product_tag":[],"class_list":{"0":"post-4676","1":"product","2":"type-product","3":"status-publish","4":"has-post-thumbnail","6":"product_cat-gemwaith-a-piercings","8":"first","9":"instock","10":"shipping-taxable","11":"purchasable","12":"product-type-variable"},"_links":{"self":[{"href":"https:\/\/www.rainbowbiz.org.uk\/cy\/wp-json\/wp\/v2\/product\/4676","targetHints":{"allow":["GET"]}}],"collection":[{"href":"https:\/\/www.rainbowbiz.org.uk\/cy\/wp-json\/wp\/v2\/product"}],"about":[{"href":"https:\/\/www.rainbowbiz.org.uk\/cy\/wp-json\/wp\/v2\/types\/product"}],"wp:featuredmedia":[{"embeddable":true,"href":"https:\/\/www.rainbowbiz.org.uk\/cy\/wp-json\/wp\/v2\/media\/5426"}],"wp:attachment":[{"href":"https:\/\/www.rainbowbiz.org.uk\/cy\/wp-json\/wp\/v2\/media?parent=4676"}],"wp:term":[{"taxonomy":"product_brand","embeddable":true,"href":"https:\/\/www.rainbowbiz.org.uk\/cy\/wp-json\/wp\/v2\/product_brand?post=4676"},{"taxonomy":"product_cat","embeddable":true,"href":"https:\/\/www.rainbowbiz.org.uk\/cy\/wp-json\/wp\/v2\/product_cat?post=4676"},{"taxonomy":"product_tag","embeddable":true,"href":"https:\/\/www.rainbowbiz.org.uk\/cy\/wp-json\/wp\/v2\/product_tag?post=4676"}],"curies":[{"name":"wp","href":"https:\/\/api.w.org\/{rel}","templated":true}]}}