{"id":4666,"date":"2024-10-16T19:23:09","date_gmt":"2024-10-16T19:23:09","guid":{"rendered":"https:\/\/rainbowbiz.org.uk\/shop\/uncategorized\/crefftau-jellyfish-resin-ffon-pops\/"},"modified":"2024-11-08T13:05:26","modified_gmt":"2024-11-08T13:05:26","slug":"crefftau-jellyfish-resin-ffon-pops","status":"publish","type":"product","link":"https:\/\/www.rainbowbiz.org.uk\/cy\/shop\/hafan-decor\/crefftau-jellyfish-resin-ffon-pops\/","title":{"rendered":"Crefftau Jellyfish Resin Ff\u00f4n Pops"},"content":{"rendered":"<p>Plymio i mewn i greadigrwydd gyda&#8217;n Crefftau Jellyfish Resin Ff\u00f4n Pops! Sefyll allan gyda&#8217;u dyluniad unigryw sy&#8217;n ychwanegu cyffwrdd o mympwy at eich ff\u00f4n. Wedi&#8217;u crefftio o ddeunyddiau gwydn, mae&#8217;r pops ff\u00f4n hyn nid yn unig yn stylish ond hefyd yn hirhoedlog. Darganfyddwch amlochredd ein Crefftau Jellyfish Resin Ff\u00f4n Pops ac ychwanegu sblash o hwyl i&#8217;ch bywyd bob dydd!   <\/p>\n","protected":false},"excerpt":{"rendered":"<p>Plymio i mewn i greadigrwydd gyda&#8217;n Crefftau Jellyfish Resin Ff\u00f4n Pops! Sefyll allan gyda&#8217;u dyluniad unigryw sy&#8217;n ychwanegu cyffwrdd o mympwy at eich ff\u00f4n. Wedi&#8217;u crefftio o ddeunyddiau gwydn, mae&#8217;r [&hellip;]<\/p>\n","protected":false},"featured_media":0,"template":"","meta":{"_price":"2.99","_stock":"2.000000","_tribe_ticket_header":"","_tribe_default_ticket_provider":"","_tribe_ticket_capacity":"2","_ticket_start_date":"","_ticket_end_date":"","_tribe_ticket_show_description":"","_tribe_ticket_show_not_going":false,"_tribe_ticket_use_global_stock":"","_tribe_ticket_global_stock_level":"","_global_stock_mode":"","_global_stock_cap":"","_tribe_rsvp_for_event":"","_tribe_ticket_going_count":"","_tribe_ticket_not_going_count":"","_tribe_tickets_list":"[]","_tribe_ticket_has_attendee_info_fields":false},"product_brand":[],"product_cat":[460],"product_tag":[],"class_list":{"0":"post-4666","1":"product","2":"type-product","3":"status-publish","5":"product_cat-hafan-decor","7":"first","8":"instock","9":"shipping-taxable","10":"purchasable","11":"product-type-simple"},"_links":{"self":[{"href":"https:\/\/www.rainbowbiz.org.uk\/cy\/wp-json\/wp\/v2\/product\/4666","targetHints":{"allow":["GET"]}}],"collection":[{"href":"https:\/\/www.rainbowbiz.org.uk\/cy\/wp-json\/wp\/v2\/product"}],"about":[{"href":"https:\/\/www.rainbowbiz.org.uk\/cy\/wp-json\/wp\/v2\/types\/product"}],"wp:attachment":[{"href":"https:\/\/www.rainbowbiz.org.uk\/cy\/wp-json\/wp\/v2\/media?parent=4666"}],"wp:term":[{"taxonomy":"product_brand","embeddable":true,"href":"https:\/\/www.rainbowbiz.org.uk\/cy\/wp-json\/wp\/v2\/product_brand?post=4666"},{"taxonomy":"product_cat","embeddable":true,"href":"https:\/\/www.rainbowbiz.org.uk\/cy\/wp-json\/wp\/v2\/product_cat?post=4666"},{"taxonomy":"product_tag","embeddable":true,"href":"https:\/\/www.rainbowbiz.org.uk\/cy\/wp-json\/wp\/v2\/product_tag?post=4666"}],"curies":[{"name":"wp","href":"https:\/\/api.w.org\/{rel}","templated":true}]}}