{"id":4664,"date":"2024-10-16T19:23:24","date_gmt":"2024-10-16T19:23:24","guid":{"rendered":"https:\/\/rainbowbiz.org.uk\/shop\/uncategorized\/nemesis-nawr-palmistry-backflow-arogldarth-burner-du-12cm-6-5-6-2-12cm-jasmine-incense-con-cynnwys\/"},"modified":"2024-11-08T13:05:48","modified_gmt":"2024-11-08T13:05:48","slug":"nemesis-nawr-palmistry-backflow-arogldarth-burner-du-12cm-6-5-6-2-12cm-jasmine-incense-con-cynnwys","status":"publish","type":"product","link":"https:\/\/www.rainbowbiz.org.uk\/cy\/shop\/hafan-decor\/nemesis-nawr-palmistry-backflow-arogldarth-burner-du-12cm-6-5-6-2-12cm-jasmine-incense-con-cynnwys\/","title":{"rendered":"Nemesis Nawr Palmistry Backflow Arogldarth Burner (Du) 12cm 6.5 * 6.2 * 12cm Jasmine Incense C\u00f4n Cynnwys"},"content":{"rendered":"<p>Dadryddhau&#8217;r dirgelwch gyda&#8217;r Nemesis Nawr Palmistry Backflow Arogldarth Burner mewn du cain. Edmygwch y dyluniad palmistry cymhleth gan ei fod yn creu effaith \u00f4l-lif hudolus, gan leddfu&#8217;ch synhwyrau gyda phob defnydd. Daw&#8217;r campwaith 12cm hwn ynghyd \u00e2 ch\u00f4n arogldarth jasmine, gan ei wneud yn ychwanegiad perffaith i&#8217;ch casgliad addurn cartref. Dyrchafwch eich awyrgylch a mwynhau yn y grefft o ymlacio gyda&#8217;r llosgwr arogldarth hudolus hwn!   <\/p>\n","protected":false},"excerpt":{"rendered":"<p>Dadryddhau&#8217;r dirgelwch gyda&#8217;r Nemesis Nawr Palmistry Backflow Arogldarth Burner mewn du cain. Edmygwch y dyluniad palmistry cymhleth gan ei fod yn creu effaith \u00f4l-lif hudolus, gan leddfu&#8217;ch synhwyrau gyda phob [&hellip;]<\/p>\n","protected":false},"featured_media":5324,"template":"","meta":{"_price":"8.99","_stock":"0.000000","_tribe_ticket_header":"","_tribe_default_ticket_provider":"","_tribe_ticket_capacity":"0","_ticket_start_date":"","_ticket_end_date":"","_tribe_ticket_show_description":"","_tribe_ticket_show_not_going":false,"_tribe_ticket_use_global_stock":"","_tribe_ticket_global_stock_level":"","_global_stock_mode":"","_global_stock_cap":"","_tribe_rsvp_for_event":"","_tribe_ticket_going_count":"","_tribe_ticket_not_going_count":"","_tribe_tickets_list":"[]","_tribe_ticket_has_attendee_info_fields":false},"product_brand":[],"product_cat":[462,460],"product_tag":[],"class_list":{"0":"post-4664","1":"product","2":"type-product","3":"status-publish","4":"has-post-thumbnail","6":"product_cat-addurniadau-ac-addurniadau","7":"product_cat-hafan-decor","9":"first","10":"outofstock","11":"shipping-taxable","12":"purchasable","13":"product-type-simple"},"_links":{"self":[{"href":"https:\/\/www.rainbowbiz.org.uk\/cy\/wp-json\/wp\/v2\/product\/4664","targetHints":{"allow":["GET"]}}],"collection":[{"href":"https:\/\/www.rainbowbiz.org.uk\/cy\/wp-json\/wp\/v2\/product"}],"about":[{"href":"https:\/\/www.rainbowbiz.org.uk\/cy\/wp-json\/wp\/v2\/types\/product"}],"wp:featuredmedia":[{"embeddable":true,"href":"https:\/\/www.rainbowbiz.org.uk\/cy\/wp-json\/wp\/v2\/media\/5324"}],"wp:attachment":[{"href":"https:\/\/www.rainbowbiz.org.uk\/cy\/wp-json\/wp\/v2\/media?parent=4664"}],"wp:term":[{"taxonomy":"product_brand","embeddable":true,"href":"https:\/\/www.rainbowbiz.org.uk\/cy\/wp-json\/wp\/v2\/product_brand?post=4664"},{"taxonomy":"product_cat","embeddable":true,"href":"https:\/\/www.rainbowbiz.org.uk\/cy\/wp-json\/wp\/v2\/product_cat?post=4664"},{"taxonomy":"product_tag","embeddable":true,"href":"https:\/\/www.rainbowbiz.org.uk\/cy\/wp-json\/wp\/v2\/product_tag?post=4664"}],"curies":[{"name":"wp","href":"https:\/\/api.w.org\/{rel}","templated":true}]}}