{"id":4504,"date":"2024-10-16T19:21:53","date_gmt":"2024-10-16T19:21:53","guid":{"rendered":"https:\/\/rainbowbiz.org.uk\/shop\/uncategorized\/crefftau-jellyfish-resin-bumble-bee-oergell-magnet\/"},"modified":"2024-11-08T13:05:33","modified_gmt":"2024-11-08T13:05:33","slug":"crefftau-jellyfish-resin-bumble-bee-oergell-magnet","status":"publish","type":"product","link":"https:\/\/www.rainbowbiz.org.uk\/cy\/shop\/hafan-decor\/crefftau-jellyfish-resin-bumble-bee-oergell-magnet\/","title":{"rendered":"Crefftau Jellyfish Resin Bumble Bee Oergell Magnet"},"content":{"rendered":"<p>Ychwanegwch ychydig o fympwy i&#8217;ch cegin gyda&#8217;n Magnet Oergell Oergell Resin Crefftau Jellyfish Resin. Mae&#8217;r magnet annwyl hwn yn cynnwys dyluniad swynol wedi&#8217;i wneud \u00e2 llaw a fydd yn dod \u00e2 gw\u00ean i&#8217;ch wyneb bob tro y byddwch chi&#8217;n agor yr oergell. Nid yn unig yn giwt, ond hefyd addurn swyddogaethol a fydd yn bywiogi&#8217;ch lle. Dyrchafwch esthetig eich cegin gyda&#8217;r darn hyfryd ac unigryw hwn!   <\/p>\n","protected":false},"excerpt":{"rendered":"<p>Ychwanegwch ychydig o fympwy i&#8217;ch cegin gyda&#8217;n Magnet Oergell Oergell Resin Crefftau Jellyfish Resin. Mae&#8217;r magnet annwyl hwn yn cynnwys dyluniad swynol wedi&#8217;i wneud \u00e2 llaw a fydd yn dod [&hellip;]<\/p>\n","protected":false},"featured_media":5258,"template":"","meta":{"_price":"2.99","_stock":"1.000000","_tribe_ticket_header":"","_tribe_default_ticket_provider":"","_tribe_ticket_capacity":"1","_ticket_start_date":"","_ticket_end_date":"","_tribe_ticket_show_description":"","_tribe_ticket_show_not_going":false,"_tribe_ticket_use_global_stock":"","_tribe_ticket_global_stock_level":"","_global_stock_mode":"","_global_stock_cap":"","_tribe_rsvp_for_event":"","_tribe_ticket_going_count":"","_tribe_ticket_not_going_count":"","_tribe_tickets_list":"[]","_tribe_ticket_has_attendee_info_fields":false},"product_brand":[],"product_cat":[462,460],"product_tag":[],"class_list":{"0":"post-4504","1":"product","2":"type-product","3":"status-publish","4":"has-post-thumbnail","6":"product_cat-addurniadau-ac-addurniadau","7":"product_cat-hafan-decor","9":"first","10":"instock","11":"shipping-taxable","12":"purchasable","13":"product-type-simple"},"_links":{"self":[{"href":"https:\/\/www.rainbowbiz.org.uk\/cy\/wp-json\/wp\/v2\/product\/4504","targetHints":{"allow":["GET"]}}],"collection":[{"href":"https:\/\/www.rainbowbiz.org.uk\/cy\/wp-json\/wp\/v2\/product"}],"about":[{"href":"https:\/\/www.rainbowbiz.org.uk\/cy\/wp-json\/wp\/v2\/types\/product"}],"wp:featuredmedia":[{"embeddable":true,"href":"https:\/\/www.rainbowbiz.org.uk\/cy\/wp-json\/wp\/v2\/media\/5258"}],"wp:attachment":[{"href":"https:\/\/www.rainbowbiz.org.uk\/cy\/wp-json\/wp\/v2\/media?parent=4504"}],"wp:term":[{"taxonomy":"product_brand","embeddable":true,"href":"https:\/\/www.rainbowbiz.org.uk\/cy\/wp-json\/wp\/v2\/product_brand?post=4504"},{"taxonomy":"product_cat","embeddable":true,"href":"https:\/\/www.rainbowbiz.org.uk\/cy\/wp-json\/wp\/v2\/product_cat?post=4504"},{"taxonomy":"product_tag","embeddable":true,"href":"https:\/\/www.rainbowbiz.org.uk\/cy\/wp-json\/wp\/v2\/product_tag?post=4504"}],"curies":[{"name":"wp","href":"https:\/\/api.w.org\/{rel}","templated":true}]}}