{"id":4320,"date":"2024-10-16T19:22:05","date_gmt":"2024-10-16T19:22:05","guid":{"rendered":"https:\/\/rainbowbiz.org.uk\/shop\/uncategorized\/dros-y-bag-cywarch-sgwar-ysgwydd\/"},"modified":"2024-11-08T13:05:55","modified_gmt":"2024-11-08T13:05:55","slug":"dros-y-bag-cywarch-sgwar-ysgwydd","status":"publish","type":"product","link":"https:\/\/www.rainbowbiz.org.uk\/cy\/shop\/ategolion\/dros-y-bag-cywarch-sgwar-ysgwydd\/","title":{"rendered":"Dros y Bag cywarch Sgw\u00e2r ysgwydd"},"content":{"rendered":"<p>Ymroi i swyn unigryw ein Bag Cywarch dros y Sgw\u00e2r ysgwydd &#8211; Affeithwyr. Mae gan bob bag ddyluniad wedi&#8217;i wneud \u00e2 llaw, gan sicrhau nad oes unrhyw ddau yn union fel ei gilydd. Wedi&#8217;i grefftio o ddeunydd cywarch gwydn, mae&#8217;r bag hwn yn cynnig arddull a chynaliadwyedd. Dyrchafwch eich edrychiad gyda&#8217;r amlbwrpas ac eco-gyfeillgar Dros y Bag Cywarch Sgw\u00e2r Ysgwydd &#8211; Ategolion heddiw!   <\/p>\n","protected":false},"excerpt":{"rendered":"<p>Ymroi i swyn unigryw ein Bag Cywarch dros y Sgw\u00e2r ysgwydd &#8211; Affeithwyr. Mae gan bob bag ddyluniad wedi&#8217;i wneud \u00e2 llaw, gan sicrhau nad oes unrhyw ddau yn union [&hellip;]<\/p>\n","protected":false},"featured_media":5344,"template":"","meta":{"_price":"16.99","_stock":"1.000000","_tribe_ticket_header":"","_tribe_default_ticket_provider":"","_tribe_ticket_capacity":"1","_ticket_start_date":"","_ticket_end_date":"","_tribe_ticket_show_description":"","_tribe_ticket_show_not_going":false,"_tribe_ticket_use_global_stock":"","_tribe_ticket_global_stock_level":"","_global_stock_mode":"","_global_stock_cap":"","_tribe_rsvp_for_event":"","_tribe_ticket_going_count":"","_tribe_ticket_not_going_count":"","_tribe_tickets_list":"[]","_tribe_ticket_has_attendee_info_fields":false},"product_brand":[],"product_cat":[464],"product_tag":[],"class_list":{"0":"post-4320","1":"product","2":"type-product","3":"status-publish","4":"has-post-thumbnail","6":"product_cat-ategolion","8":"first","9":"instock","10":"shipping-taxable","11":"purchasable","12":"product-type-simple"},"_links":{"self":[{"href":"https:\/\/www.rainbowbiz.org.uk\/cy\/wp-json\/wp\/v2\/product\/4320","targetHints":{"allow":["GET"]}}],"collection":[{"href":"https:\/\/www.rainbowbiz.org.uk\/cy\/wp-json\/wp\/v2\/product"}],"about":[{"href":"https:\/\/www.rainbowbiz.org.uk\/cy\/wp-json\/wp\/v2\/types\/product"}],"wp:featuredmedia":[{"embeddable":true,"href":"https:\/\/www.rainbowbiz.org.uk\/cy\/wp-json\/wp\/v2\/media\/5344"}],"wp:attachment":[{"href":"https:\/\/www.rainbowbiz.org.uk\/cy\/wp-json\/wp\/v2\/media?parent=4320"}],"wp:term":[{"taxonomy":"product_brand","embeddable":true,"href":"https:\/\/www.rainbowbiz.org.uk\/cy\/wp-json\/wp\/v2\/product_brand?post=4320"},{"taxonomy":"product_cat","embeddable":true,"href":"https:\/\/www.rainbowbiz.org.uk\/cy\/wp-json\/wp\/v2\/product_cat?post=4320"},{"taxonomy":"product_tag","embeddable":true,"href":"https:\/\/www.rainbowbiz.org.uk\/cy\/wp-json\/wp\/v2\/product_tag?post=4320"}],"curies":[{"name":"wp","href":"https:\/\/api.w.org\/{rel}","templated":true}]}}