{"id":4196,"date":"2024-10-16T19:20:45","date_gmt":"2024-10-16T19:20:45","guid":{"rendered":"https:\/\/rainbowbiz.org.uk\/shop\/uncategorized\/cwn-balwn-resin-crefftau-jellyfish\/"},"modified":"2024-11-08T13:05:36","modified_gmt":"2024-11-08T13:05:36","slug":"cwn-balwn-resin-crefftau-jellyfish","status":"publish","type":"product","link":"https:\/\/www.rainbowbiz.org.uk\/cy\/shop\/hafan-decor\/cwn-balwn-resin-crefftau-jellyfish\/","title":{"rendered":"C\u0175n Bal\u0175n Resin Crefftau Jellyfish"},"content":{"rendered":"<p>Plymio i fyd crefftau resin unigryw gyda&#8217;n C\u0175n Bal\u0175n Resin Crefftau Jellyfish! Mae&#8217;r addurniadau lliwgar hyn \u00e2 llaw yn sicr o ddod \u00e2 phop o hwyl a chreadigrwydd i unrhyw le. Ychwanegwch ychydig o fympwy i&#8217;ch cartref neu swyddfa gyda&#8217;r c\u0175n bal\u0175n resin swynol hyn. Dyrchafwch eich addurn gyda&#8217;r creadigaethau un-o-fath hyn heddiw!   <\/p>\n","protected":false},"excerpt":{"rendered":"<p>Plymio i fyd crefftau resin unigryw gyda&#8217;n C\u0175n Bal\u0175n Resin Crefftau Jellyfish! Mae&#8217;r addurniadau lliwgar hyn \u00e2 llaw yn sicr o ddod \u00e2 phop o hwyl a chreadigrwydd i unrhyw [&hellip;]<\/p>\n","protected":false},"featured_media":5256,"template":"","meta":{"_price":"2.99","_stock":"","_tribe_ticket_header":"","_tribe_default_ticket_provider":"","_tribe_ticket_capacity":"0","_ticket_start_date":"","_ticket_end_date":"","_tribe_ticket_show_description":"","_tribe_ticket_show_not_going":false,"_tribe_ticket_use_global_stock":"","_tribe_ticket_global_stock_level":"","_global_stock_mode":"","_global_stock_cap":"","_tribe_rsvp_for_event":"","_tribe_ticket_going_count":"","_tribe_ticket_not_going_count":"","_tribe_tickets_list":"[]","_tribe_ticket_has_attendee_info_fields":false},"product_brand":[],"product_cat":[460],"product_tag":[],"class_list":{"0":"post-4196","1":"product","2":"type-product","3":"status-publish","4":"has-post-thumbnail","6":"product_cat-hafan-decor","8":"first","9":"instock","10":"shipping-taxable","11":"purchasable","12":"product-type-variable"},"_links":{"self":[{"href":"https:\/\/www.rainbowbiz.org.uk\/cy\/wp-json\/wp\/v2\/product\/4196","targetHints":{"allow":["GET"]}}],"collection":[{"href":"https:\/\/www.rainbowbiz.org.uk\/cy\/wp-json\/wp\/v2\/product"}],"about":[{"href":"https:\/\/www.rainbowbiz.org.uk\/cy\/wp-json\/wp\/v2\/types\/product"}],"wp:featuredmedia":[{"embeddable":true,"href":"https:\/\/www.rainbowbiz.org.uk\/cy\/wp-json\/wp\/v2\/media\/5256"}],"wp:attachment":[{"href":"https:\/\/www.rainbowbiz.org.uk\/cy\/wp-json\/wp\/v2\/media?parent=4196"}],"wp:term":[{"taxonomy":"product_brand","embeddable":true,"href":"https:\/\/www.rainbowbiz.org.uk\/cy\/wp-json\/wp\/v2\/product_brand?post=4196"},{"taxonomy":"product_cat","embeddable":true,"href":"https:\/\/www.rainbowbiz.org.uk\/cy\/wp-json\/wp\/v2\/product_cat?post=4196"},{"taxonomy":"product_tag","embeddable":true,"href":"https:\/\/www.rainbowbiz.org.uk\/cy\/wp-json\/wp\/v2\/product_tag?post=4196"}],"curies":[{"name":"wp","href":"https:\/\/api.w.org\/{rel}","templated":true}]}}