{"id":2111,"date":"2024-10-02T11:05:37","date_gmt":"2024-10-02T10:05:37","guid":{"rendered":"https:\/\/rainbowbiz.org.uk\/polisi-preifatrwydd\/"},"modified":"2024-10-02T11:05:37","modified_gmt":"2024-10-02T11:05:37","slug":"polisi-preifatrwydd","status":"publish","type":"page","link":"https:\/\/www.rainbowbiz.org.uk\/cy\/polisi-preifatrwydd\/","title":{"rendered":"Polisi Preifatrwydd"},"content":{"rendered":"<h2>Polisi Preifatrwydd<\/h2>\n<p>Croeso i https:\/\/www.rainbowbiz.org.uk (&#8220;Gwefan&#8221;). Rydym yn deall bod preifatrwydd ar-lein yn bwysig i ddefnyddwyr ein gwefan, yn enwedig wrth gynnal busnes. Mae&#8217;r datganiad hwn yn llywodraethu ein polis\u00efau preifatrwydd mewn perthynas \u00e2&#8217;r defnyddwyr hynny o&#8217;r Safle (&#8220;Ymwelwyr&#8221;) sy&#8217;n ymweld heb drafod busnes ac ymwelwyr sy&#8217;n cofrestru i drafod busnes ar y Safle ac yn defnyddio&#8217;r gwasanaethau amrywiol a gynigir gan Yiwu Cute Jewelry Co, Ltd (&#8220;Gwasanaethau&#8221;) (&#8220;Cwsmeriaid Awdurdodedig&#8221;).<\/p>\n<p><span style=\"font-weight: bold;\">&#8216;Gwybodaeth bersonol adnabyddadwy&#8217;  <\/span><\/p>\n<p>Yn cyfeirio at unrhyw wybodaeth sy&#8217;n adnabod neu y gellir ei defnyddio i adnabod, cysylltu, neu ddod o hyd i&#8217;r person y mae gwybodaeth o&#8217;r fath yn ymwneud ag ef, gan gynnwys, ond heb fod yn gyfyngedig i, enw, cyfeiriad, rhif ff\u00f4n, rhif ffacs, cyfeiriad e-bost, proffiliau ariannol, rhif nawdd cymdeithasol, a gwybodaeth cerdyn credyd.<br \/>\nNid yw Gwybodaeth Canfyddadwy Bersonol yn cynnwys gwybodaeth sy&#8217;n cael ei chasglu&#8217;n ddienw (hynny yw, heb adnabod y defnyddiwr unigol) na gwybodaeth ddemograffig nad yw&#8217;n gysylltiedig ag unigolyn a nodwyd. <\/p>\n<p><span style=\"font-weight: bold;\">Pa wybodaeth bersonol adnabyddadwy sy&#8217;n cael ei chasglu?  <\/span><\/p>\n<p>Efallai y byddwn yn casglu gwybodaeth proffil defnyddiwr sylfaenol gan ein holl ymwelwyr.<br \/>\nRydym yn casglu&#8217;r wybodaeth ychwanegol ganlynol gan ein Cwsmeriaid Awdurdodedig: enwau, cyfeiriadau, rhifau ff\u00f4n a chyfeiriadau e-bost Cwsmeriaid Awdurdodedig, natur a maint y busnes, a natur a maint y rhestr hysbysebu y mae&#8217;r Cwsmer Awdurdodedig yn bwriadu ei brynu neu ei werthu. <\/p>\n<p><span style=\"font-weight: bold;\">Pa sefydliadau sy&#8217;n casglu&#8217;r wybodaeth?  <\/span><\/p>\n<p>Yn ogystal \u00e2&#8217;n casgliad uniongyrchol o wybodaeth, gall ein gwerthwyr gwasanaeth trydydd parti (megis cwmn\u00efau cardiau credyd, tai clirio a banciau) a allai ddarparu gwasanaethau fel credyd, yswiriant a gwasanaethau escrow gasglu&#8217;r wybodaeth hon gan ein Ymwelwyr a&#8217;n Cwsmeriaid Awdurdodedig.<br \/>\nNid ydym yn rheoli sut mae&#8217;r trydydd part\u00efon hyn yn defnyddio gwybodaeth o&#8217;r fath, ond rydym yn gofyn iddynt ddatgelu sut y maent yn defnyddio gwybodaeth bersonol a ddarperir iddynt gan Ymwelwyr a Chwsmeriaid Awdurdodedig.<br \/>\nGall rhai o&#8217;r trydydd part\u00efon hyn fod yn gyfryngwyr sy&#8217;n gweithredu fel dolenni yn y gadwyn ddosbarthu yn unig, ac nid ydynt yn storio, cadw na defnyddio&#8217;r wybodaeth a roddir iddynt.  <\/p>\n<p><span style=\"font-weight: bold;\">Sut mae&#8217;r wefan yn defnyddio gwybodaeth bersonol adnabyddadwy?<\/span><\/p>\n<p>Rydym yn defnyddio Gwybodaeth Canfyddadwy Bersonol i addasu&#8217;r Safle, i wneud offrymau gwasanaeth priodol, ac i gyflawni ceisiadau prynu a gwerthu ar y Safle.<br \/>\nEfallai y byddwn yn anfon e-bost at Ymwelwyr a Chwsmeriaid Awdurdodedig am gyfleoedd ymchwil neu brynu a gwerthu ar y Safle neu wybodaeth sy&#8217;n gysylltiedig \u00e2 chynnwys y Wefan.<br \/>\nEfallai y byddwn hefyd yn defnyddio Gwybodaeth Canfyddadwy Bersonol i gysylltu ag Ymwelwyr a Chwsmeriaid Awdurdodedig mewn ymateb i ymholiadau penodol, neu i ddarparu gwybodaeth y gofynnwyd amdani.  <\/p>\n<p><span style=\"font-weight: bold;\">Gyda phwy y gellir rhannu&#8217;r wybodaeth?<\/span><\/p>\n<p>Gellir rhannu Gwybodaeth Canfyddadwy Bersonol am Gwsmeriaid Awdurdodedig eraill sy&#8217;n dymuno gwerthuso trafodion posibl gyda Chwsmeriaid Awdurdodedig eraill.<br \/>\nEfallai y byddwn yn rhannu gwybodaeth gyfun am ein Cleientiaid, gan gynnwys demograffeg ein Ymwelwyr a&#8217;n Cwsmeriaid Awdurdodedig, gyda&#8217;n hasiantaethau cysylltiedig a gwerthwyr trydydd parti.<br \/>\nRydym hefyd yn cynnig y cyfle i &#8220;optio allan&#8221; o dderbyn gwybodaeth neu gysylltu \u00e2 ni neu gan unrhyw asiantaeth sy&#8217;n gweithredu ar ein rhan.  <\/p>\n<p><span style=\"font-weight: bold;\">Sut mae gwybodaeth bersonol adnabyddadwy yn cael ei storio?<\/span><\/p>\n<p>Mae gwybodaeth bersonol adnabyddadwy a gesglir gan Rainbowbiz C.I.C. yn cael ei storio&#8217;n ddiogel ac nid yw&#8217;n hygyrch i drydydd part\u00efon na gweithwyr Rainbowbiz CIC ac eithrio i&#8217;w defnyddio fel y nodir uchod.<\/p>\n<p><span style=\"font-weight: bold;\">Pa ddewisiadau sydd ar gael i ymwelwyr o ran casglu, defnyddio a dosbarthu&#8217;r wybodaeth?<\/span><\/p>\n<p>Gall ymwelwyr a Chwsmeriaid Awdurdodedig ddewis peidio \u00e2 derbyn gwybodaeth na ofynnwyd amdani gennym ni a\/neu ein gwerthwyr ac asiantaethau cysylltiedig drwy ymateb i e-byst fel y cyfarwyddir, neu drwy gysylltu \u00e2 ni yn 20 Chester Road West, Shotton, Glannau Dyfrdwy, CH5 1BC<\/p>\n<p><span style=\"font-weight: bold;\">A yw cwcis yn cael eu defnyddio ar y safle?<\/span><\/p>\n<p>Mae cwcis yn cael eu defnyddio am amryw o resymau.<br \/>\nRydym yn defnyddio cwcis i gael gwybodaeth am ddewisiadau ein hymwelwyr a&#8217;r gwasanaethau y maent yn eu dewis.<br \/>\nRydym hefyd yn defnyddio cwcis at ddibenion diogelwch i amddiffyn ein cwsmeriaid awdurdodedig.<br \/>\nEr enghraifft, os yw Cwsmer Awdurdodedig wedi mewngofnodi a bod y wefan heb ei defnyddio am fwy na 10 munud, byddwn yn cofnodi&#8217;r Cwsmer Awdurdodedig yn awtomatig.   <\/p>\n<p><span style=\"font-weight: bold;\">Sut mae Rainbowbiz C.I.C. yn defnyddio gwybodaeth mewngofnodi?  <\/span><\/p>\n<p>Mae Rainbowbiz C.I.C. yn defnyddio gwybodaeth mewngofnodi, gan gynnwys, ond heb fod yn gyfyngedig i, gyfeiriadau IP, ISPs a mathau o borwyr, i ddadansoddi tueddiadau, gweinyddu&#8217;r Wefan, olrhain symudiad a defnydd defnyddiwr, a chasglu gwybodaeth ddemograffig eang.<\/p>\n<p><span style=\"font-weight: bold;\">Pa bartneriaid neu ddarparwyr gwasanaeth sydd \u00e2 mynediad at Wybodaeth Canfyddadwy Bersonol gan Ymwelwyr a \/ neu Gwsmeriaid Awdurdodedig ar y Wefan?<\/span><\/p>\n<p>Mae Rainbowbiz C.I.C. wedi ymrwymo i bartneriaethau a chysylltiadau eraill gyda nifer o werthwyr. Efallai y bydd gwerthwyr o&#8217;r fath yn cael mynediad at wybodaeth bersonol adnabyddadwy benodol ar yr angen i wybod sail ar gyfer gwerthuso Cwsmeriaid Awdurdodedig ar gyfer cymhwysedd gwasanaeth.<br \/>\nNid yw ein polisi preifatrwydd yn cwmpasu eu casglu na&#8217;u defnydd o&#8217;r wybodaeth hon.<br \/>\nDatgelu gwybodaeth bersonol adnabyddadwy i gydymffurfio \u00e2&#8217;r gyfraith.<br \/>\nByddwn yn datgelu Gwybodaeth Canfyddadwy Bersonol er mwyn cydymffurfio \u00e2 gorchymyn llys neu subpoena neu gais gan asiantaeth gorfodaeth cyfraith i ryddhau gwybodaeth.<br \/>\nByddwn hefyd yn datgelu Gwybodaeth Canfyddadwy Bersonol pan fo&#8217;n rhesymol angenrheidiol i amddiffyn diogelwch ein Ymwelwyr a&#8217;n Cwsmeriaid Awdurdodedig.    <\/p>\n<p><span style=\"font-weight: bold;\">Sut mae&#8217;r wefan yn cadw gwybodaeth bersonol adnabyddadwy?<\/span><\/p>\n<p>Mae ein holl weithwyr yn gyfarwydd \u00e2&#8217;n polisi ac arferion diogelwch.<br \/>\nMae Gwybodaeth Canfyddadwy Bersonol ein Hymwelwyr a&#8217;n Cwsmeriaid Awdurdodedig ond ar gael i nifer cyfyngedig o weithwyr cymwys sy&#8217;n cael cyfrinair er mwyn cael mynediad at y wybodaeth.<br \/>\nRydym yn archwilio ein systemau a&#8217;n prosesau diogelwch yn rheolaidd.<br \/>\nMae gwybodaeth sensitif, fel rhifau cardiau credyd neu rifau nawdd cymdeithasol, yn cael ei diogelu gan brotocolau amgryptio, ar waith i amddiffyn gwybodaeth a anfonir dros y Rhyngrwyd.<br \/>\nEr ein bod yn cymryd mesurau masnachol rhesymol i gynnal safle diogel, mae cyfathrebiadau electronig a chronfeydd data yn destun gwallau, ymyrryd a thorri, ac ni allwn warantu na gwarantu na gwarantu na fydd digwyddiadau o&#8217;r fath yn cael eu cynnal ac ni fyddwn yn atebol i Ymwelwyr na Chwsmeriaid Awdurdodedig am unrhyw ddigwyddiadau o&#8217;r fath.    <\/p>\n<p><span style=\"font-weight: bold;\">Sut gall ymwelwyr gywiro unrhyw anghywirdebau mewn Gwybodaeth Canfyddadwy Bersonol?<\/span><\/p>\n<p>Gall ymwelwyr a Chwsmeriaid Awdurdodedig gysylltu \u00e2 ni i ddiweddaru Gwybodaeth Canfyddadwy Bersonol amdanynt neu i gywiro unrhyw anghywirdebau trwy anfon e-bost atom ar info@rainbowbiz.org.uk<\/p>\n<p><span style=\"font-weight: bold;\">A all Ymwelydd ddileu neu ddadactifadu Gwybodaeth Canfyddadwy Bersonol a gesglir gan y Wefan?<\/span><\/p>\n<p>Rydym yn darparu mecanwaith i Ymwelwyr a Chwsmeriaid Awdurdodedig ddileu \/ dadactifadu Gwybodaeth Canfyddadwy Bersonol o gronfa ddata&#8217;r Safle trwy gysylltu \u00e2 ni.<br \/>\nFodd bynnag, oherwydd cop\u00efau wrth gefn a chofnodion o ddileadau, efallai y bydd yn amhosibl dileu cofnod Ymwelydd heb gadw rhywfaint o wybodaeth weddilliol.<br \/>\nBydd unigolyn sy&#8217;n gofyn am gael Gwybodaeth Canfyddadwy Bersonol wedi&#8217;i dadactifadu yn cael dileu&#8217;r wybodaeth hon yn swyddogaethol, ac ni fyddwn yn gwerthu, trosglwyddo na defnyddio Gwybodaeth Canfyddadwy Bersonol sy&#8217;n ymwneud \u00e2&#8217;r unigolyn hwnnw mewn unrhyw ffordd wrth symud ymlaen.  <\/p>\n<p><span style=\"font-weight: bold;\">Beth sy&#8217;n digwydd os bydd y Polisi Preifatrwydd yn newid?<\/span><\/p>\n<p>Byddwn yn rhoi gwybod i&#8217;n Ymwelwyr a&#8217;n Cwsmeriaid Awdurdodedig am newidiadau i&#8217;n polisi preifatrwydd trwy bostio newidiadau o&#8217;r fath ar y Wefan.<br \/>\nFodd bynnag, os ydym yn newid ein polisi preifatrwydd mewn modd a allai achosi datgelu Gwybodaeth Canfyddadwy Bersonol y mae Ymwelydd neu Cwsmer Awdurdodedig wedi gofyn amdani o&#8217;r blaen beidio \u00e2 datgelu, byddwn yn cysylltu \u00e2&#8217;r Ymwelydd neu&#8217;r Cwsmer Awdurdodedig hwnnw i ganiat\u00e1u i Ymwelydd neu Gwsmeriaid Awdurdodedig o&#8217;r fath atal datgeliad o&#8217;r fath. <\/p>\n<p><span style=\"font-weight: bold;\">Cysylltau:<\/span><\/p>\n<p>https:\/\/www.rainbowbiz.org.uk yn cynnwys dolenni i wefannau eraill.<br \/>\nSylwer, pan fyddwch chi&#8217;n clicio ar un o&#8217;r dolenni hyn, eich bod chi&#8217;n symud i wefan arall.<br \/>\nRydym yn eich annog i ddarllen datganiadau preifatrwydd y gwefannau cysylltiedig hyn gan y gall eu polis\u00efau preifatrwydd fod yn wahanol i&#8217;n rhai ni.  <\/p>\n","protected":false},"excerpt":{"rendered":"<p>Polisi Preifatrwydd Croeso i https:\/\/www.rainbowbiz.org.uk (&#8220;Gwefan&#8221;). Rydym yn deall bod preifatrwydd ar-lein yn bwysig i ddefnyddwyr ein gwefan, yn enwedig wrth gynnal busnes. Mae&#8217;r datganiad hwn yn llywodraethu ein polis\u00efau [&hellip;]<\/p>\n","protected":false},"author":2,"featured_media":0,"parent":0,"menu_order":0,"comment_status":"closed","ping_status":"closed","template":"","meta":{"_price":"","_stock":"","_tribe_ticket_header":"","_tribe_default_ticket_provider":"","_tribe_ticket_capacity":"0","_ticket_start_date":"","_ticket_end_date":"","_tribe_ticket_show_description":"","_tribe_ticket_show_not_going":false,"_tribe_ticket_use_global_stock":"","_tribe_ticket_global_stock_level":"","_global_stock_mode":"","_global_stock_cap":"","_tribe_rsvp_for_event":"","_tribe_ticket_going_count":"","_tribe_ticket_not_going_count":"","_tribe_tickets_list":"[]","_tribe_ticket_has_attendee_info_fields":false,"footnotes":"","_tec_slr_enabled":"","_tec_slr_layout":""},"class_list":["post-2111","page","type-page","status-publish","hentry"],"ticketed":false,"_links":{"self":[{"href":"https:\/\/www.rainbowbiz.org.uk\/cy\/wp-json\/wp\/v2\/pages\/2111","targetHints":{"allow":["GET"]}}],"collection":[{"href":"https:\/\/www.rainbowbiz.org.uk\/cy\/wp-json\/wp\/v2\/pages"}],"about":[{"href":"https:\/\/www.rainbowbiz.org.uk\/cy\/wp-json\/wp\/v2\/types\/page"}],"author":[{"embeddable":true,"href":"https:\/\/www.rainbowbiz.org.uk\/cy\/wp-json\/wp\/v2\/users\/2"}],"replies":[{"embeddable":true,"href":"https:\/\/www.rainbowbiz.org.uk\/cy\/wp-json\/wp\/v2\/comments?post=2111"}],"version-history":[{"count":0,"href":"https:\/\/www.rainbowbiz.org.uk\/cy\/wp-json\/wp\/v2\/pages\/2111\/revisions"}],"wp:attachment":[{"href":"https:\/\/www.rainbowbiz.org.uk\/cy\/wp-json\/wp\/v2\/media?parent=2111"}],"curies":[{"name":"wp","href":"https:\/\/api.w.org\/{rel}","templated":true}]}}