{"id":2109,"date":"2024-10-02T11:06:23","date_gmt":"2024-10-02T11:06:23","guid":{"rendered":"https:\/\/rainbowbiz.org.uk\/dmca\/"},"modified":"2024-10-02T11:06:23","modified_gmt":"2024-10-02T11:06:23","slug":"dmca","status":"publish","type":"page","link":"https:\/\/www.rainbowbiz.org.uk\/cy\/dmca\/","title":{"rendered":"DMCA"},"content":{"rendered":"<h3>Polisi Deddf Hawlfraint y Mileniwm Digidol<\/h3>\n<p>Croeso tohttps:\/\/www.rainbowbiz.org.uk (&#8220;Gwefan&#8221;). Rydym yn parchu hawliau eiddo deallusol eraill yn union fel y disgwyliwn i eraill barchu ein hawliau. Yn unol \u00e2 Deddf Hawlfraint y Mileniwm Digidol, Teitl 17, Cod yr Unol Daleithiau, Adran 512(c), gall perchennog hawlfraint neu ei asiant gyflwyno hysbysiad takedown i ni trwy ein Asiant DMCA a restrir isod. Fel darparwr gwasanaeth rhyngrwyd, mae gennym hawl i hawlio imiwnedd rhag hawliadau torri dywededig yn unol \u00e2 darpariaethau &#8220;harbwr diogel&#8221; y DMCA. I gyflwyno hawliad torri ewyllys da i ni, rhaid i chi gyflwyno rhybudd i ni sy&#8217;n nodi&#8217;r wybodaeth ganlynol:<\/p>\n<p><strong>Hysbysiad o Dorri &#8211; Hawliad<\/strong><\/p>\n<p>1. llofnod corfforol neu electronig perchennog yr hawlfraint (neu rywun sydd wedi&#8217;i awdurdodi i weithredu ar ran y perchennog);<br \/>2. Adnabod y gwaith hawlfraint yr honnir iddo gael ei dorri;<br \/>3. Adnabod y deunydd torri sydd i&#8217;w dynnu, a gwybodaeth rhesymol ddigonol i ganiat\u00e1u i&#8217;r darparwr gwasanaeth ddod o hyd i&#8217;r deunydd.  [Please submit the URL of the page in question to assist us in identifying the allegedly offending work];<br \/>4. Gwybodaeth sy&#8217;n rhesymol ddigonol i ganiat\u00e1u i&#8217;r darparwr gwasanaeth gysylltu \u00e2&#8217;r parti cwyno gan gynnwys eich enw, cyfeiriad corfforol, cyfeiriad e-bost, rhif ff\u00f4n a rhif ffacs;<br \/>5. Datganiad bod gan y parti cwyno gred ddidwyll nad yw&#8217;r asiant hawlfraint yn awdurdodi defnyddio&#8217;r deunydd; a<br \/>6. Datganiad bod y wybodaeth yn yr hysbysiad yn gywir, ac, o dan gosb anudoniaeth, bod y parti cwyno wedi&#8217;i awdurdodi i weithredu ar ran perchennog yr hawlfraint.<\/p>\n<p>Mae Teitl 17 USC \u00a7512(f) yn darparu cosbau difrod sifil, gan gynnwys costau a ffioedd atwrnai, yn erbyn unrhyw berson sy&#8217;n camliwio gwybodaeth benodol yn fwriadol ac yn faterol mewn hysbysiad o dorri o dan 17 USC \u00a7512(c)(3).<\/p>\n<p>Anfonwch yr holl hysbysiadau takedown trwy ein tudalen Cysylltu.<br \/>\nAnfonwch e-bost am sylw cyflym. <\/p>\n<p>Sylwch y gallwn rannu&#8217;r hunaniaeth a&#8217;r wybodaeth mewn unrhyw hawliad torri hawlfraint a dderbyniwn gyda&#8217;r tramgwyddwr honedig.<br \/>\nWrth gyflwyno hawliad, rydych yn deall eich bod yn derbyn ac yn cytuno y gellir cyfleu eich hunaniaeth a&#8217;ch hawliad i&#8217;r tramgwyddwr honedig. <\/p>\n<p><strong>Counter Notification \u2013 Adfer Deunydd<\/strong><\/p>\n<p>Os ydych wedi derbyn hysbysiad bod deunydd yn cael ei dynnu i lawr oherwydd hawliad torri hawlfraint, gallwch roi gwrth-hysbysiad i ni mewn ymdrech i adfer y deunydd dan sylw i&#8217;r safle.<br \/>\nRhaid rhoi hysbysiad ysgrifenedig i&#8217;n Asiant DMCA a rhaid iddo gynnwys yn sylweddol yr elfennau canlynol yn unol ag Adran 512 USC (g)(3): <\/p>\n<p>1. Eich llofnod corfforol neu electronig.<br \/>2. Disgrifiad o&#8217;r deunydd sydd wedi&#8217;i dynnu i lawr a lleoliad gwreiddiol y deunydd cyn iddo gael ei dynnu i lawr.<br \/>3. Datganiad o dan gosb anudoniaeth bod gennych gred ddidwyll bod y deunydd wedi cael ei dynnu neu ei anablu o ganlyniad i gamgymeriad neu gamadnabod y deunydd i&#8217;w dynnu neu ei anablu.<br \/>Eich enw, cyfeiriad, a rhif ff\u00f4n, a datganiad eich bod yn cydsynio i awdurdodaeth y llys dosbarth ffederal ar gyfer yr ardal farnwrol y mae&#8217;r cyfeiriad wedi&#8217;i leoli ynddo (neu os ydych y tu allan i&#8217;r Unol Daleithiau, eich bod yn cydsynio i awdurdodaeth unrhyw ardal farnwrol y gellir dod o hyd i&#8217;r darparwr gwasanaeth ynddi),  ac y byddwch yn derbyn gwasanaeth proses gan y person neu&#8217;r cwmni a ddarparodd yr hysbysiad torri gwreiddiol.<br \/>5. Anfonwch eich rhybudd cownter drwy ein tudalen Gyswllt.<br \/>\nMae e-bost yn cael ei argymell yn fawr. <\/p>\n<p><strong>Polisi Ailadroddus Tramgwyddwr<\/strong><\/p>\n<p>Rydym yn cymryd torri hawlfraint o ddifrif.<br \/>\nYn unol \u00e2 gofynion polisi ail-dorri Deddf Hawlfraint y Mileniwm Digidol, rydym yn cadw rhestr o hysbysiadau DMCA gan ddeiliaid hawlfraint ac yn gwneud ymdrech ddidwyll i nodi unrhyw dramgwyddwyr ailadroddus.<br \/>\nBydd cyfrifon y rhai sy&#8217;n torri ein polisi torri ailadroddus mewnol yn cael eu terfynu.  <\/p>\n<p><strong>Addasiadau<\/strong><\/p>\n<p>Rydym yn cadw&#8217;r hawl i addasu cynnwys y dudalen hon a&#8217;i pholisi ar gyfer trin hawliadau DMCA ar unrhyw adeg am unrhyw reswm.<br \/>\nFe&#8217;ch anogir i edrych yn \u00f4l i adolygu&#8217;r polisi hwn yn aml am unrhyw newidiadau. <\/p>\n","protected":false},"excerpt":{"rendered":"<p>Polisi Deddf Hawlfraint y Mileniwm Digidol Croeso tohttps:\/\/www.rainbowbiz.org.uk (&#8220;Gwefan&#8221;). Rydym yn parchu hawliau eiddo deallusol eraill yn union fel y disgwyliwn i eraill barchu ein hawliau. Yn unol \u00e2 Deddf [&hellip;]<\/p>\n","protected":false},"author":2,"featured_media":0,"parent":0,"menu_order":0,"comment_status":"closed","ping_status":"closed","template":"","meta":{"_price":"","_stock":"","_tribe_ticket_header":"","_tribe_default_ticket_provider":"","_tribe_ticket_capacity":"0","_ticket_start_date":"","_ticket_end_date":"","_tribe_ticket_show_description":"","_tribe_ticket_show_not_going":false,"_tribe_ticket_use_global_stock":"","_tribe_ticket_global_stock_level":"","_global_stock_mode":"","_global_stock_cap":"","_tribe_rsvp_for_event":"","_tribe_ticket_going_count":"","_tribe_ticket_not_going_count":"","_tribe_tickets_list":"[]","_tribe_ticket_has_attendee_info_fields":false,"footnotes":"","_tec_slr_enabled":"","_tec_slr_layout":""},"class_list":["post-2109","page","type-page","status-publish","hentry"],"ticketed":false,"_links":{"self":[{"href":"https:\/\/www.rainbowbiz.org.uk\/cy\/wp-json\/wp\/v2\/pages\/2109","targetHints":{"allow":["GET"]}}],"collection":[{"href":"https:\/\/www.rainbowbiz.org.uk\/cy\/wp-json\/wp\/v2\/pages"}],"about":[{"href":"https:\/\/www.rainbowbiz.org.uk\/cy\/wp-json\/wp\/v2\/types\/page"}],"author":[{"embeddable":true,"href":"https:\/\/www.rainbowbiz.org.uk\/cy\/wp-json\/wp\/v2\/users\/2"}],"replies":[{"embeddable":true,"href":"https:\/\/www.rainbowbiz.org.uk\/cy\/wp-json\/wp\/v2\/comments?post=2109"}],"version-history":[{"count":0,"href":"https:\/\/www.rainbowbiz.org.uk\/cy\/wp-json\/wp\/v2\/pages\/2109\/revisions"}],"wp:attachment":[{"href":"https:\/\/www.rainbowbiz.org.uk\/cy\/wp-json\/wp\/v2\/media?parent=2109"}],"curies":[{"name":"wp","href":"https:\/\/api.w.org\/{rel}","templated":true}]}}